{"id":3467,"date":"2017-11-18T10:42:19","date_gmt":"2017-11-18T09:42:19","guid":{"rendered":"http:\/\/lemotdujour.fr\/?page_id=3467"},"modified":"2017-11-18T10:42:19","modified_gmt":"2017-11-18T09:42:19","slug":"la-meritocratie","status":"publish","type":"page","link":"https:\/\/lemotdujour.fr\/?page_id=3467","title":{"rendered":"La m\u00e9ritocratie"},"content":{"rendered":"<div class=\"mdjComplements\"><span style=\"color: #800080;\"><em>Pendant des si\u00e8cles, l\u2019\u00e9lite \u00e9tait constitu\u00e9e des chefs de guerre qui se reproduisaient g\u00e9n\u00e9tiquement de mani\u00e8re endog\u00e8ne. On les appelait les nobles. Par la suite la noblesse a \u00e9t\u00e9 remplac\u00e9e, en partie, par la bourgeoisie la richesse s\u2019est substitu\u00e9e \u00e0 la naissance et puis on a combin\u00e9 les deux m\u00e9thodes\u00a0: les bourgeois souhaitant \u00e9galement transmettre leur capital et leur pouvoir \u00e0 leurs enfants. \u00a0<\/em><\/span><\/div>\n<div class=\"mdjComplements\"><span style=\"color: #800080;\"><em>Mais peu \u00e0 peu s\u2019imposa l\u2019id\u00e9e qu\u2019il fallait que l\u2019\u00e9lite soit d\u00e9sign\u00e9e pour son m\u00e9rite, son intelligence et son instruction. Cette id\u00e9e nous parait aujourd\u2019hui indiscutable, de bon sens\u00a0!<\/em><\/span><\/div>\n<div class=\"mdjComplements\"><span style=\"color: #800080;\"><em>Ce syst\u00e8me a d\u00e9sormais pris le nom de \u00ab\u00a0m\u00e9ritocratie\u00a0\u00bb\u00a0<\/em><\/span><\/div>\n<div><span style=\"color: #800080;\"><em>J&rsquo;ai r\u00e9alis\u00e9 une s\u00e9rie de 5 mots du jour\u00a0 pour interroger ce concept et sa r\u00e9alit\u00e9 en m\u2019appuyant sur des chroniques de Brice Couturier dans son \u00e9mission <span style=\"color: #0000ff;\"><a href=\"https:\/\/www.franceculture.fr\/emissions\/le-tour-du-monde-des-idees\"><span style=\"color: #0000ff;\">&lt;Le tour du monde des id\u00e9es&gt;<\/span><\/a><\/span> sur France Culture dans laquelle il quitte r\u00e9solument la pens\u00e9e hexagonale pour s\u2019int\u00e9resser aux livres, aux articles, aux pens\u00e9es dans d\u2019autres pays, d\u2019autres langues. Cette s\u00e9rie de chroniques diffus\u00e9es entre le 26 et le 30 septembre 2016 \u00e9tait consacr\u00e9e \u00e0 la m\u00e9ritocratie.<\/em><\/span><\/div>\n<div><\/div>\n<p style=\"padding-left: 30px;\"><strong><span style=\"color: #000080;\">1 &#8211; \u00abThe Rise of the Meritocracy &#8211; Ascension de la m\u00e9ritocratie\u00bb<br \/>\n<\/span><\/strong><span style=\"color: #800000;\">Michael Young<\/span><\/p>\n<p style=\"padding-left: 30px;\"><em><span style=\"color: #800080;\"><em>Mot du jour du lundi 21 novembre 2016<\/em><\/span><\/em><\/p>\n<div class=\"mdjComplements\">La semaine derni\u00e8re la conf\u00e9rence d\u2019Emmanuel Todd a pu choquer certains quand il met en avant le conformisme des \u00e9lites en raison des m\u00e9thodes de leur s\u00e9lection, il utilise en outre le substantif p\u00e9joratif de \u00ab\u00a0tri\u00a0\u00bb \u00e0 la place de \u00ab\u00a0s\u00e9lection\u00a0\u00bb. Et quand il oppose \u00e0 cette \u00e9lite intelligente mais soumise \u00e0 la norme castratrice de la pens\u00e9e unique, des personnes intelligentes et cr\u00e9atrices qui ne font pas parties de cette \u00e9lite, il ne faut pas mal le comprendre : Il ne pr\u00e9tend pas qu\u2019il faille remplacer tous les membres de l\u2019\u00e9lite par des personnes tir\u00e9es au sort du reste de la population pour que la situation s\u2019am\u00e9liore !<\/div>\n<div class=\"mdjComplements\"><\/div>\n<div><\/div>\n<div class=\"mdjComplements\">[&#8230;] Pour revenir \u00e0 Emmanuel Todd, ce dernier a affirm\u00e9 plusieurs fois sa conviction qu\u2019une soci\u00e9t\u00e9 ne pouvait pas fonctionner sans \u00e9lite. Il faut une \u00e9lite ! Mais plusieurs questions sont pos\u00e9es\u00a0: Comment est recrut\u00e9e l\u2019\u00e9lite\u00a0? Comment l\u2019\u00e9lite se comporte t\u2019elle collectivement\u00a0? Quelles sont les objectifs qu\u2019elle poursuit et quelles sont ses relations avec les membres de la soci\u00e9t\u00e9 qui ne font pas partie de l\u2019\u00e9lite, comment les consid\u00e8re-t-elle\u00a0?<\/div>\n<p><a class=\"mdjHistoLink\" href=\"https:\/\/lemotdujour.fr\/?p=1498\"><span style=\"color: #0000ff;\">Lire l&rsquo;article<\/span><\/a><\/p>\n<p>&nbsp;<\/p>\n<div>\n<p style=\"padding-left: 30px;\"><strong><span style=\"color: #000080;\">2 &#8211; \u00abA Distant Elite: How Meritocracy Went Wrong &#8211; Une \u00e9lite \u00e9loign\u00e9e : comment la m\u00e9ritocratie s\u2019est tromp\u00e9e ! \u00bb<br \/>\n<\/span><\/strong><span style=\"color: #800000;\">Wilfred M. McClay<\/span><\/p>\n<p style=\"padding-left: 30px;\"><em><span style=\"color: #800080;\"><em>Mot du jour du mardi 22 novembre 2016<\/em><\/span><\/em><\/p>\n<div class=\"mdjComplements\">L\u2019\u00e9lection am\u00e9ricaine continue \u00e0 hanter nos jours et nos nuits. Il ne faut pas sur-interpr\u00e9ter la victoire du milliardaire m\u00e9galomane, puisqu\u2019il se confirme que l\u2019\u00e9lection est avant tout la d\u00e9faite d\u2019Hillary Clinton. Pour \u00eatre plus pr\u00e9cis, la d\u00e9faite d\u2019Hillary Clinton dans ce qu\u2019on appelle, les Etats pivots (<em>swing state<\/em>), ceux dont le vote n\u2019est pas acquis \u00e0 l\u2019un des camps. C\u2019est donc l\u2019organisation \u00ab\u00a0baroque\u00a0\u00bb du vote qui a fait perdre le camp d\u00e9mocrate. La victoire d\u2019Hillary Clinton au suffrage universel populaire est encore plus importante qu\u2019on ne le pensait \u00e0 la sortie des urnes : <a href=\"http:\/\/www.lesechos.fr\/monde\/elections-americaines\/0211497777984-le-buzz-des-etats-unis-hillary-clinton-a-plus-dun-million-de-voix-davance-sur-trump-2043196.php\">Elle dispose d\u2019une avance de plus d\u2019un million de voix<\/a>.<\/div>\n<div><\/div>\n<div class=\"mdjComplements\"><a href=\"http:\/\/www.lalibre.be\/actu\/usa-2016\/non-ce-ne-sont-pas-les-pauvres-qui-ont-vote-pour-donald-trump-infographie-58242c67cd70fb896a67b5da\">Une autre erreur d\u2019interpr\u00e9tation serait de croire que ce sont les pauvres et les pr\u00e9caires qui ont vot\u00e9 pour Donald Trump<\/a>. Le vote Trump est un vote avant tout blanc anglo saxon, des classes moyennes ayant peur d\u2019\u00eatre d\u00e9class\u00e9es. Une autre constante appara\u00eet, car qu\u2019il s\u2019agisse du Brexit ou du r\u00e9f\u00e9rendum fran\u00e7ais sur la constitution de l\u2019Union europ\u00e9enne : un vote des campagnes et des petites villes oubli\u00e9es de la mondialisation contre les m\u00e9tropoles o\u00f9 se trouvent les gagnants.<\/div>\n<div><\/div>\n<div class=\"mdjComplements\">Trump, qui fait partie des gagnants est arriv\u00e9 \u00e0 se poser en d\u00e9fenseur de ces populations face \u00e0 Hillary Clinton qui apparaissait comme la candidate \u00ab\u00a0m\u00e9ritocratique\u00a0\u00bb qui se base sur cette croyance qu\u2019il suffit d\u2019\u00eatre volontaire, de travailler tr\u00e8s dur comme disent les am\u00e9ricains, de faire des choix pertinents \u00e0 certain moment de sa vie pour entrer dans le camp des \u00ab\u00a0winner\u00a0\u00bb. C\u2019est cette croyance inh\u00e9rente au r\u00eave am\u00e9ricain qui est remise en question.<\/div>\n<p><a class=\"mdjHistoLink\" href=\"https:\/\/lemotdujour.fr\/?p=1500\">Lire l&rsquo;article<\/a><\/p>\n<p>&nbsp;<\/p>\n<div>\n<p style=\"padding-left: 30px;\"><strong><span style=\"color: #000080;\">3 &#8211; \u00abLe Mod\u00e8le chinois\u00a0: La m\u00e9ritocratie politique et les limites de la d\u00e9mocratie. \u00bb<br \/>\n<\/span><\/strong><span style=\"color: #800000;\">Daniel Bell<\/span><\/p>\n<p style=\"padding-left: 30px;\"><em><span style=\"color: #800080;\"><em>Mot du jour du mercredi\u00a023 novembre 2016 <\/em><\/span><\/em><\/p>\n<div class=\"mdjComplements\">Daniel Bell est canadien et professeur \u00e0 l\u2019Universit\u00e9 Tsinghua de P\u00e9kin. \u00ab\u00a0Le Mod\u00e8le chinois. La m\u00e9ritocratie politique et les limites de la d\u00e9mocratie.\u00a0\u00bb est un livre qu\u2019il a \u00e9crit et qui a \u00e9t\u00e9 cit\u00e9 par Brice Couturier lors de ses chroniques sur la m\u00e9ritocratie. C\u2019est un <a href=\"http:\/\/press.princeton.edu\/titles\/10418.html\">livre \u00e9crit en anglais<\/a> et \u00e9dit\u00e9 par l\u2019\u00e9diteur de l\u2019Universit\u00e9 de Princeton<\/div>\n<div><\/div>\n<div class=\"mdjComplements\">Brice Couturier rappelle que la m\u00e9ritocratie est, comme bien d\u2019autres choses une invention de la Chine et non des europ\u00e9ens\u00a0: \u00ab\u00a0Comme souvent, les Europ\u00e9ens s\u2019imaginent avoir d\u00e9couvert des institutions et des pratiques qui pr\u00e9existaient depuis longtemps aux leurs. Ainsi, la m\u00e9ritocratie \u2013 au sens de s\u00e9lection des employ\u00e9s de l\u2019Etat par le biais d\u2019examens est, en Chine, une id\u00e9e aussi vieille que le confucianisme.<\/div>\n<div><\/div>\n<div class=\"mdjComplements\">Confucius l\u2019avait pr\u00e9conis\u00e9e, en effet, d\u00e8s le 6\u00b0 si\u00e8cle avant J\u00e9sus-Christ. Et elle re\u00e7ut un commencement de mise en pratique en l\u2019an 136 avant J\u00e9sus Christ, par d\u00e9cision d\u2019un empereur de la dynastie han, Wu. Huit ans plus tard, le m\u00eame empereur Wu cr\u00e9ait la premi\u00e8re ENA de l\u2019histoire : une Acad\u00e9mie imp\u00e9riale, charg\u00e9e de former et de s\u00e9lectionner les mandarins \u00e0 son service\u2026 Mais le syst\u00e8me mandarinal moderne, avec son examen et ses 15 grades, date de l\u2019an 605 de notre \u00e8re. Et il demeura en l\u2019\u00e9tat en Chine jusqu\u2019au d\u00e9but du XX\u00b0 si\u00e8cle.\u00a0\u00bb<\/div>\n<div><\/div>\n<div class=\"mdjComplements\">Le mao\u00efsme s\u2019\u00e9loigna de ce mod\u00e8le dans sa volont\u00e9 de faire table rase. Mais la Chine actuelle se d\u00e9finit \u00e0 nouveau comme un syst\u00e8me m\u00e9ritocratique.<\/div>\n<p><a class=\"mdjHistoLink\" href=\"https:\/\/lemotdujour.fr\/?p=1502\">Lire l&rsquo;article<\/a><\/p>\n<div>\n<p style=\"padding-left: 30px;\"><strong><span style=\"color: #000080;\">4 &#8211; \u00abL\u2019ancienne soci\u00e9t\u00e9 de classe permettait du moins, quand on \u00e9tait en bas de l\u2019\u00e9chelle, \u00e0 se sentir victimes d\u2019une injustice. Aujourd\u2019hui, le syst\u00e8me m\u00e9ritocratique nous fait croire que nous sommes responsables de notre situation, quelle qu\u2019elle soit.\u00bb<br \/>\n<\/span><\/strong><span style=\"color: #800000;\">Nick Cohen<\/span><\/p>\n<p style=\"padding-left: 30px;\"><em><span style=\"color: #800080;\"><em>Mot du jour du jeudi\u00a024 novembre 2016<\/em><\/span><\/em><\/p>\n<div class=\"mdjComplements\">La question se pose : la m\u00e9ritocratie constitue t\u2019elle une nouvelle aristocratie ?<\/div>\n<div class=\"mdjComplements\">Nous sommes confront\u00e9s \u00e0 ce paradoxe la m\u00e9ritocratie \u00e9tait cens\u00e9e favoriser la mobilit\u00e9 sociale, or il semble de plus en plus \u00e9vident qu\u2019elle la fige en grande partie.<\/div>\n<div><\/div>\n<div class=\"mdjComplements\">Brice Couturier cite encore la revue The Hedgehog Review :<\/div>\n<div class=\"mdjCiter\"><strong>\u00ab<\/strong>Mais comme l\u2019\u00e9crit Helen Andrews dans, \u00ab la m\u00e9ritocratie donna naissance \u00e0 une classe enti\u00e8rement nouvelle, provenant certes \u00e0 la fois de la gentry et de la nouvelle classe commerciale, mais \u00e9mancip\u00e9e de l\u2019une comme de l\u2019autre. Sans affiliation. Et entre 1870 et la Premi\u00e8re guerre mondiale, cette nouvelle classe allait prendre possession de tous les anciens piliers du pouvoir aristocratique \u2013 pas seulement la fonction publique, mais \u00e9galement l\u2019arm\u00e9e, le barreau, le gouvernement local, les comit\u00e9s des partis, l\u2019Eglise. \u00bb<\/div>\n<p><a class=\"mdjHistoLink\" href=\"https:\/\/lemotdujour.fr\/?p=1504\">Lire l&rsquo;article<\/a><\/p>\n<p>&nbsp;<\/p>\n<div>\n<p style=\"padding-left: 30px;\"><strong><span style=\"color: #000080;\">5 &#8211; \u00ab\u00a0Ende der Meritokratie &#8211; La fin de la m\u00e9ritocratie\u00bb<br \/>\n<\/span><\/strong><span style=\"color: #800000;\">Alan Posener<\/span><\/p>\n<p style=\"padding-left: 30px;\"><em><span style=\"color: #800080;\"><em>Mot du jour du vendredi\u00a025 novembre 2016 <\/em><\/span><\/em><\/p>\n<div class=\"mdjComplements\">Brice Couturier a donn\u00e9 pour titre \u00e0 sa derni\u00e8re chronique concernant la m\u00e9ritocratie\u00a0: \u00ab\u00a0Performants et d\u00e9saffili\u00e9s : la nouvelle lutte des classes\u00a0\u00bb.\u00a0 Et pour illustrer son propos il s\u2019est appuy\u00e9 sur un article paru en Allemagne dans le grand quotidien <a href=\"https:\/\/www.welt.de\/\">\u00ab\u00a0Die Welt\u00a0\u00bb<\/a>, car en Allemagne aussi, on observe une mont\u00e9e de la col\u00e8re envers un syst\u00e8me m\u00e9ritocratique qui exclut de plus en plus de personnes.<\/div>\n<div><\/div>\n<div class=\"mdjComplements\">Cet article a pour titre <a href=\"https:\/\/www.welt.de\/print\/die_welt\/debatte\/article157239110\/Ende-der-Meritokratie.html\">\u00ab\u00a0Ende der Meritokratie\u00a0\u00bb<\/a>\u00a0\u00bb et Brice Couturier pr\u00e9tend qu\u2019il \u00ab\u00a0 r\u00e9sume de mani\u00e8re assez carr\u00e9e toutes les critiques que suscitent en ce moment, par le vaste monde, nos d\u00e9mocraties m\u00e9ritocratiques.\u00a0\u00bb<\/div>\n<div><\/div>\n<div class=\"mdjComplements\">Il nous apprend aussi qu\u2019Alan Posener est connu comme biographe, il s\u2019est int\u00e9ress\u00e9 \u00e0 John Lennon, \u00e0 Franklin Roosevelt, \u00e0 John Fitzgerald et Jackie Kennedy et que son dernier livre en date, consacr\u00e9 \u00e0 Beno\u00eet XVI, portait pour titre \u00ab Le pape dangereux \u00bb. \u00ab\u00a0Posener y accusait ce pape de mener \u2013 je cite \u2013 \u00ab une croisade contre les Lumi\u00e8res \u00bb. Nous avons donc affaire \u00e0 un intellectuel allemand r\u00e9put\u00e9 pour ne pas prendre de gants\u2026\u00a0\u00bb<\/div>\n<div class=\"mdjComplements\">Dans la tribune qu\u2019il a publi\u00e9e le 23 juillet dernier, Posener \u00e9crit : \u00ab Michael Young l\u2019avait bien vu : avec la m\u00e9ritocratie, les couches inf\u00e9rieures de la soci\u00e9t\u00e9 allaient subir une domination plus efficace que celles connues ant\u00e9rieurement. \u00bb<\/div>\n<p><a class=\"mdjHistoLink\" href=\"https:\/\/lemotdujour.fr\/?p=1506\"><span style=\"color: #0000ff;\">Lire l&rsquo;article<\/span><\/a><\/p>\n<\/div>\n<\/div>\n<\/div>\n<\/div>\n<p>&nbsp;<\/p>\n","protected":false},"excerpt":{"rendered":"<p>Pendant des si\u00e8cles, l\u2019\u00e9lite \u00e9tait constitu\u00e9e des chefs de guerre qui se reproduisaient g\u00e9n\u00e9tiquement de mani\u00e8re endog\u00e8ne. On les appelait les nobles. Par la suite la noblesse a \u00e9t\u00e9 remplac\u00e9e, en partie, par la bourgeoisie la richesse s\u2019est substitu\u00e9e \u00e0<\/p>\n","protected":false},"author":1,"featured_media":0,"parent":2543,"menu_order":0,"comment_status":"closed","ping_status":"closed","template":"","meta":{"footnotes":""},"class_list":["post-3467","page","type-page","status-publish","hentry"],"_links":{"self":[{"href":"https:\/\/lemotdujour.fr\/index.php?rest_route=\/wp\/v2\/pages\/3467","targetHints":{"allow":["GET"]}}],"collection":[{"href":"https:\/\/lemotdujour.fr\/index.php?rest_route=\/wp\/v2\/pages"}],"about":[{"href":"https:\/\/lemotdujour.fr\/index.php?rest_route=\/wp\/v2\/types\/page"}],"author":[{"embeddable":true,"href":"https:\/\/lemotdujour.fr\/index.php?rest_route=\/wp\/v2\/users\/1"}],"replies":[{"embeddable":true,"href":"https:\/\/lemotdujour.fr\/index.php?rest_route=%2Fwp%2Fv2%2Fcomments&post=3467"}],"version-history":[{"count":17,"href":"https:\/\/lemotdujour.fr\/index.php?rest_route=\/wp\/v2\/pages\/3467\/revisions"}],"predecessor-version":[{"id":3537,"href":"https:\/\/lemotdujour.fr\/index.php?rest_route=\/wp\/v2\/pages\/3467\/revisions\/3537"}],"up":[{"embeddable":true,"href":"https:\/\/lemotdujour.fr\/index.php?rest_route=\/wp\/v2\/pages\/2543"}],"wp:attachment":[{"href":"https:\/\/lemotdujour.fr\/index.php?rest_route=%2Fwp%2Fv2%2Fmedia&parent=3467"}],"curies":[{"name":"wp","href":"https:\/\/api.w.org\/{rel}","templated":true}]}}